{"id":3495,"date":"2020-02-07T02:16:59","date_gmt":"2020-02-07T02:16:59","guid":{"rendered":"https:\/\/demo.casethemes.net\/consultio-corporate2\/?page_id=3495"},"modified":"2025-10-18T16:21:27","modified_gmt":"2025-10-18T15:21:27","slug":"about-v-4","status":"publish","type":"page","link":"https:\/\/medvise-services.ch\/index.php\/about-v-4\/","title":{"rendered":"About Us"},"content":{"rendered":"\t\t<div data-elementor-type=\"wp-page\" data-elementor-id=\"3495\" class=\"elementor elementor-3495\" data-elementor-post-type=\"page\">\n\t\t\t\t\t\t\t        <section class=\"elementor-section elementor-top-section elementor-element elementor-element-bca8448 elementor-section-stretched elementor-section-boxed elementor-section-height-default elementor-section-height-default ct-header-fixed-none ct-row-max-none\" data-id=\"bca8448\" data-element_type=\"section\" data-settings=\"{&quot;stretch_section&quot;:&quot;section-stretched&quot;}\">\n            \n                        <div class=\"elementor-container elementor-column-gap-extended \">\n                    <div class=\"elementor-column elementor-col-100 elementor-top-column elementor-element elementor-element-8630a61\" data-id=\"8630a61\" data-element_type=\"column\">\n            <div class=\"elementor-widget-wrap elementor-element-populated\">\n                        \t\t<div class=\"elementor-element elementor-element-5ab3233 elementor-widget elementor-widget-ct_heading\" data-id=\"5ab3233\" data-element_type=\"widget\" data-widget_type=\"ct_heading.default\">\n\t\t\t\t<div class=\"elementor-widget-container\">\n\t\t\t<div class=\"ct-heading h-align-center  sub-style1 ct-heading-left item-st-default\">\r\n\t    <h3 class=\"item--title st-default \" data-wow-delay=\"ms\">\r\n                <span class=\"sp-main\">\r\n            \r\n            \r\n            \r\n                    <\/span>\r\n            <\/h3>\r\n<\/div>\t\t<\/div>\n\t\t\t\t<\/div>\n\t\t\t\t<div class=\"elementor-element elementor-element-12e6001 elementor-widget elementor-widget-ct_particle_animate\" data-id=\"12e6001\" data-element_type=\"widget\" data-widget_type=\"ct_particle_animate.default\">\n\t\t\t\t<div class=\"elementor-widget-container\">\n\t\t\t\t<div class=\"ct-particle-animate el-move-parents\">\r\n\t\t\t\t    <div id=\"ct_particle_animate-12e60010\" class=\"animate-none \"  data-wow-delay=\"ms\">\r\n\t\t    \t<div class=\"ct-inline-css\"  data-css=\"\r\n\t\t            .ct-particle-animate #ct_particle_animate-12e60010 {\r\n\t\t                left: 13px;\r\n\t\t                top: 34px;\r\n\t\t            }\">\r\n\t\t        <\/div>\r\n\t\t    \t<img decoding=\"async\" width=\"165\" height=\"278\" src=\"https:\/\/medvise-services.ch\/wp-content\/uploads\/2020\/02\/about4-shape1.png\" class=\"attachment-full\" alt=\"\" \/>\t\t\r\n\t\t    <\/div>\r\n\t\t\t<\/div>\r\n\t\t<\/div>\n\t\t\t\t<\/div>\n\t\t        <section class=\"elementor-section elementor-inner-section elementor-element elementor-element-942af5f elementor-section-boxed elementor-section-height-default elementor-section-height-default ct-header-fixed-none ct-row-max-none\" data-id=\"942af5f\" data-element_type=\"section\">\n            \n                        <div class=\"elementor-container elementor-column-gap-extended \">\n                    <div class=\"elementor-column elementor-col-100 elementor-inner-column elementor-element elementor-element-f269e39 elementor-invisible\" data-id=\"f269e39\" data-element_type=\"column\" data-settings=\"{&quot;background_background&quot;:&quot;classic&quot;,&quot;animation&quot;:&quot;fadeInRight&quot;}\">\n            <div class=\"elementor-widget-wrap elementor-element-populated\">\n                        \t\t<div class=\"elementor-element elementor-element-39ccfa7 elementor-widget elementor-widget-ct_text_editor\" data-id=\"39ccfa7\" data-element_type=\"widget\" data-widget_type=\"ct_text_editor.default\">\n\t\t\t\t<div class=\"elementor-widget-container\">\n\t\t\t<div id=\"ct_text_editor-39ccfa7\" class=\"ct-text-editor \" data-wow-delay=\"ms\">\n\t<div class=\"ct-inline-css\"  data-css=\"\n        \t\t\">\n\n    <\/div>\n\t<div class=\"ct-text-editor elementor-clearfix\">\n\t\t<p data-start=\"163\" data-end=\"661\"><strong data-start=\"163\" data-end=\"188\">MedVise Services GmbH<\/strong> ist mehr als nur eine <strong data-start=\"211\" data-end=\"228\">Springerfirma<\/strong> \u2013 wir sind ein engagierter Partner, der die Gesundheitsversorgung st\u00e4rkt. Als <strong data-start=\"307\" data-end=\"320\">Apotheker<\/strong> mit HR-Zertifizierung leite ich MedVise mit der \u00dcberzeugung, dass <strong data-start=\"387\" data-end=\"418\">gut unterst\u00fctzte Fachkr\u00e4fte<\/strong> eine h\u00f6here Pflegequalit\u00e4t bieten. Wir arbeiten mit <strong data-start=\"471\" data-end=\"512\">Apotheken, Spit\u00e4lern und Pflegeheimen<\/strong> zusammen, um <strong data-start=\"526\" data-end=\"567\">qualifiziertes und flexibles Personal<\/strong> bereitzustellen und gleichzeitig <strong data-start=\"601\" data-end=\"641\">faire, angepasste Arbeitsbedingungen<\/strong> zu gew\u00e4hrleisten.<\/p><p>\u00a0<\/p><p data-start=\"663\" data-end=\"1060\"><strong data-start=\"663\" data-end=\"720\">Neu im Fokus: Apotheker Springer &amp; Vertretung in 24h.<\/strong> F\u00fcr Ferien, Krankheit oder Notdienste stellen wir <strong data-start=\"771\" data-end=\"799\">Springer-Apotheker\/innen<\/strong> und <strong data-start=\"804\" data-end=\"830\">Pharma-Assistent\/innen<\/strong> innert <strong data-start=\"838\" data-end=\"852\">24 Stunden<\/strong> bereit \u2013 rechtssicher (LSE), kompetent und <strong data-start=\"962\" data-end=\"981\">bilingual DE\/FR<\/strong>. Auf Wunsch auch <strong data-start=\"999\" data-end=\"1013\">Try &amp; Hire<\/strong> oder <strong data-start=\"1019\" data-end=\"1037\">Festanstellung<\/strong> mit klarer Garantie.<\/p>\t\t\n\t<\/div>\n<\/div>\t\t<\/div>\n\t\t\t\t<\/div>\n\t\t            <\/div>\n        <\/div>\n                            <\/div>\n        <\/section>\n                    <\/div>\n        <\/div>\n                            <\/div>\n        <\/section>\n                <section class=\"elementor-section elementor-top-section elementor-element elementor-element-4ec69e7 elementor-section-boxed elementor-section-height-default elementor-section-height-default ct-header-fixed-none ct-row-max-none\" data-id=\"4ec69e7\" data-element_type=\"section\">\n            \n                        <div class=\"elementor-container elementor-column-gap-default \">\n                    <div class=\"elementor-column elementor-col-100 elementor-top-column elementor-element elementor-element-4d85e00\" data-id=\"4d85e00\" data-element_type=\"column\">\n            <div class=\"elementor-widget-wrap elementor-element-populated\">\n                        \t\t<div class=\"elementor-element elementor-element-0d39cf4 elementor-widget elementor-widget-spacer\" data-id=\"0d39cf4\" data-element_type=\"widget\" data-widget_type=\"spacer.default\">\n\t\t\t\t<div class=\"elementor-widget-container\">\n\t\t\t<style>\/*! elementor - v3.14.0 - 26-06-2023 *\/\n.elementor-column .elementor-spacer-inner{height:var(--spacer-size)}.e-con{--container-widget-width:100%}.e-con-inner>.elementor-widget-spacer,.e-con>.elementor-widget-spacer{width:var(--container-widget-width,var(--spacer-size));--align-self:var(--container-widget-align-self,initial);--flex-shrink:0}.e-con-inner>.elementor-widget-spacer>.elementor-widget-container,.e-con-inner>.elementor-widget-spacer>.elementor-widget-container>.elementor-spacer,.e-con>.elementor-widget-spacer>.elementor-widget-container,.e-con>.elementor-widget-spacer>.elementor-widget-container>.elementor-spacer{height:100%}.e-con-inner>.elementor-widget-spacer>.elementor-widget-container>.elementor-spacer>.elementor-spacer-inner,.e-con>.elementor-widget-spacer>.elementor-widget-container>.elementor-spacer>.elementor-spacer-inner{height:var(--container-widget-height,var(--spacer-size))}<\/style>\t\t<div class=\"elementor-spacer\">\n\t\t\t<div class=\"elementor-spacer-inner\"><\/div>\n\t\t<\/div>\n\t\t\t\t<\/div>\n\t\t\t\t<\/div>\n\t\t            <\/div>\n        <\/div>\n                            <\/div>\n        <\/section>\n        \t\t\t\t\t<\/div>\n\t\t","protected":false},"excerpt":{"rendered":"<p>MedVise Services GmbH ist mehr als nur eine Springerfirma \u2013 wir sind ein engagierter Partner, der die Gesundheitsversorgung st\u00e4rkt. Als Apotheker mit HR-Zertifizierung leite ich MedVise mit der \u00dcberzeugung, dass gut unterst\u00fctzte Fachkr\u00e4fte eine h\u00f6here Pflegequalit\u00e4t bieten. Wir arbeiten mit Apotheken, Spit\u00e4lern und Pflegeheimen zusammen, um qualifiziertes und flexibles Personal bereitzustellen und gleichzeitig faire, angepasste [&hellip;]<\/p>\n","protected":false},"author":2,"featured_media":0,"parent":0,"menu_order":0,"comment_status":"closed","ping_status":"closed","template":"","meta":{"footnotes":""},"class_list":["post-3495","page","type-page","status-publish","hentry"],"_links":{"self":[{"href":"https:\/\/medvise-services.ch\/index.php\/wp-json\/wp\/v2\/pages\/3495","targetHints":{"allow":["GET"]}}],"collection":[{"href":"https:\/\/medvise-services.ch\/index.php\/wp-json\/wp\/v2\/pages"}],"about":[{"href":"https:\/\/medvise-services.ch\/index.php\/wp-json\/wp\/v2\/types\/page"}],"author":[{"embeddable":true,"href":"https:\/\/medvise-services.ch\/index.php\/wp-json\/wp\/v2\/users\/2"}],"replies":[{"embeddable":true,"href":"https:\/\/medvise-services.ch\/index.php\/wp-json\/wp\/v2\/comments?post=3495"}],"version-history":[{"count":22,"href":"https:\/\/medvise-services.ch\/index.php\/wp-json\/wp\/v2\/pages\/3495\/revisions"}],"predecessor-version":[{"id":6098,"href":"https:\/\/medvise-services.ch\/index.php\/wp-json\/wp\/v2\/pages\/3495\/revisions\/6098"}],"wp:attachment":[{"href":"https:\/\/medvise-services.ch\/index.php\/wp-json\/wp\/v2\/media?parent=3495"}],"curies":[{"name":"wp","href":"https:\/\/api.w.org\/{rel}","templated":true}]}}